{"id":77,"date":"2020-08-03T09:29:32","date_gmt":"2020-08-03T07:29:32","guid":{"rendered":"https:\/\/www.ickennedy.edu.it\/scuola-2\/"},"modified":"2021-04-21T10:39:29","modified_gmt":"2021-04-21T08:39:29","slug":"note-legali","status":"publish","type":"page","link":"https:\/\/www.ickennedy.edu.it\/note-legali\/","title":{"rendered":"Note legali"},"content":{"rendered":"\n<h2><strong>TERMINI E CONDIZIONI<\/strong><\/h2>\n\n\n\n<h4><strong>1. Disclaimer<\/strong><\/h4>\n\n\n\n<p>L&#8217;utente riconosce ed accetta che l&#8217;uso di questo sito \u00e8 a suo esclusivo rischio e pericolo. L&#8217;utente accetta che il sito e tutti i suoi contenuti, ivi compresi i servizi eventualmente offerti, sono forniti &#8220;cos\u00ec come sono&#8221; e &#8220;con tutti gli errori&#8221;.<\/p>\n\n\n\n<p><strong>L\u2019Istituto Comprensivo Statale \u201cJ. F. Kennedy\u201d di Cusano Mutri (BN)<\/strong>, pertanto, non rilascia alcun tipo di garanzia, esplicita o implicita, riguardo tali contenuti, ivi compresi, senza alcuna limitazione, la liceit\u00e0, il diritto di propriet\u00e0, la convenienza o l&#8217;adeguatezza a particolari scopi o usi.<\/p>\n\n\n\n<p><strong><strong>L\u2019Istituto Comprensivo Statale \u201cJ. F. Kennedy\u201d di Cusano Mutri (BN)<\/strong>\u00a0<\/strong>non garantisce che il sito sia compatibile con le apparecchiature dell&#8217;utente o che sia privo di errori o virus, bachi o &#8220;cavalli di Troia&#8221;.<\/p>\n\n\n\n<p><strong><strong>L\u2019Istituto Comprensivo Statale \u201cJ. F. Kennedy\u201d di Cusano Mutri (BN)<\/strong><\/strong>\u00a0non \u00e8 responsabile per i danni subiti dall&#8217;utente a causa di tali elementi di carattere distruttivo.<\/p>\n\n\n\n<p>L&#8217;utente riconosce e accetta che l<strong><strong>\u2019Istituto Comprensivo Statale \u201cJ. F. Kennedy\u201d di Cusano Mutri (BN)<\/strong><\/strong>, i suoi collaboratori o i suoi fornitori non sono responsabili:<\/p>\n\n\n\n<ul><li>I &#8211;\u00a0 per i danni causati da negligenze del\u00a0l<strong>\u2019Istituto Comprensivo Statale \u201cJ. F. Kennedy\u201d di Cusano Mutri (BN)<\/strong>, dei suoi collaboratori, subappaltatori, fornitori o per i danni comunque derivanti da questo sito, nonch\u00e9 per i mancati guadagni, per le perdite, per i danni incidentali o consequenziali o per qualsiasi altro danno parziale o totale, diretto o indiretto;<\/li><li>II &#8211; per disfunzioni nell&#8217;utilizzazione dei materiali o dei servizi di questo sito causate dal computer o dalle apparecchiature dell&#8217;utente.<\/li><\/ul>\n\n\n\n<p><strong><strong>L\u2019Istituto Comprensivo Statale \u201cJ. F. Kennedy\u201d di Cusano Mutri (BN)<\/strong><\/strong>\u00a0non \u00e8 in alcun modo responsabile dei contenuti e dei servizi posti in siti Web a cui doveste accedere tramite il presente sito.<\/p>\n\n\n\n<p>Quando accedete ad un altro sito Web, ricordate che esso \u00e8 indipendente dal presente sito e che quest&#8217;ultimo non ha alcun controllo sul contenuto del sito in questione. Inoltre l&#8217;esistenza di un collegamento ipertestuale (link) verso un altro sito non comporta l&#8217;approvazione o un&#8217;accettazione di responsabilit\u00e0, neanche parziale e\/o indiretta, da parte dell<strong><strong>\u2019Istituto Comprensivo Statale \u201cJ. F. Kennedy\u201d di Cusano Mutri (BN)<\/strong><\/strong>\u00a0circa il contenuto o l&#8217;utilizzazione del sito.<\/p>\n\n\n\n<p><strong><strong>L\u2019Istituto Comprensivo Statale \u201cJ. F. Kennedy\u201d di Cusano Mutri (BN)<\/strong><\/strong>\u00a0inoltre non \u00e8 responsabile in alcun modo per la bont\u00e0 dei servi di connettivit\u00e0 da Voi utilizzati per connetterVi alla rete e raggiungere il sito e fruire dei servizi nello stesso accessibili.<\/p>\n\n\n\n<p><strong><strong>L\u2019Istituto Comprensivo Statale \u201cJ. F. Kennedy\u201d di Cusano Mutri (BN)<\/strong><\/strong>\u00a0non pu\u00f2 in alcun modo essere ritenuto responsabile per la disponibilit\u00e0 continua delle linee telefoniche e delle apparecchiature che l&#8217;utente utilizza per accedere al presente sito.<\/p>\n\n\n\n<p><strong><strong>L\u2019Istituto Comprensivo Statale \u201cJ. F. Kennedy\u201d di Cusano Mutri (BN)<\/strong><\/strong>\u00a0si riserva il diritto di inibire o proibire o sospendere, in qualsiasi momento e senza preavviso, l&#8217;accesso al presente sito ed ai relativi servizi.<\/p>\n\n\n\n<h2><strong>2. LIMITAZIONE DI RESPONSABILIT\u00c0<\/strong><\/h2>\n\n\n\n<p><em>IN NESSUNA CIRCOSTANZA, IVI COMPRESA, SENZA ALCUNA LIMITAZIONE LA NEGLIGENZA,<strong>\u00a0L\u2019ISTITUTO COMPRENSIVO STATALE \u201cJ.F. KENNEDI\u201d DI CUSANO MUTRI (BN)<\/strong>, I SUOI FORNITORI O I COLLABORATORI POTRANNO ESSERE RITENUTI RESPONSABILI PER QUALSIASI DANNO DIRETTO, INDIRETTO, INCIDENTALE, CONSEQUENZIALE, LEGATO ALL&#8217;USO DEL PRESENTE SITO WEB O DI ALTRI SITI WEB AD ESSO COLLEGATI DA UN LINK IPERTESTO, IVI COMPRESI SENZA ALCUNA LIMITAZIONE, I DANNI QUALI LA PERDITA DI PROFITTI O FATTURATO, L&#8217;INTERRUZIONE DI ATTIVIT\u00c0 AZIENDALE O PROFESSIONALE, LA PERDITA DI PROGRAMMI O ALTRO TIPO DI DATI UBICATI SUL SISTEMA INFORMATICO DELL&#8217;UTENTE O ALTRO SISTEMA, E CI\u00d2 ANCHE QUALORA IL DIPARTIMENTO DELL&#8217;AMMINISTRAZIONE GENERALE DEL PERSONALE E DEI SERVIZI DEL TESORO FOSSE STATO ESPRESSAMENTE MESSO AL CORRENTE DELLA POSSIBILIT\u00c0 DEL VERIFICARSI DI TALI DANNI. LA PRESENTE CLAUSOLA DI ESCLUSIONE DELLA RESPONSABILIT\u00c0 NON HA LO SCOPO DI ELUDERE IL RISPETTO DEI REQUISITI PRESCRITTI DALLA NORMATIVA VIGENTE, N\u00c8 DI ESCLUDERE LA RESPONSABILIT\u00c0 PER I CASI NEI QUALI ESSA NON POSSA ESSERE ESCLUSA AI SENSI DELLA NORMATIVA APPLICABILE.<\/em><\/p>\n\n\n\n<h3><strong>COPYRIGHT<\/strong><\/h3>\n\n\n\n<p>I contenuti del sito &#8211; codice di script, grafica, testi, tabelle, immagini, suoni, e ogni altra informazione disponibile in qualunque forma &#8211; sono protetti ai sensi della normativa in tema di opere dell&#8217;ingegno. Ogni prodotto o societ\u00e0 menzionati in questo sito sono marchi dei rispettivi proprietari o titolari e possono essere protetti da brevetti e\/o copyright concessi o registrati dalle autorit\u00e0 preposte.<\/p>\n\n\n\n<p>Per fini di lucro \u00e8 consentito utilizzare, copiare e distribuire i documenti e le relative immagini disponibili su questo sito solo dietro permesso scritto (o egualmente valido a fini legali) dell<strong><strong>\u2019Istituto Comprensivo Statale \u201cJ. F. Kennedy\u201d di Cusano Mutri (BN)<\/strong><\/strong>, fatte salve eventuali spettanze di diritto. Le note di copyright, gli autori ove indicati o la fonte stessa devono in tutti i casi essere citati nelle pubblicazioni in qualunque forma realizzate e diffuse.<\/p>\n\n\n\n<p>Qualsiasi forma di link al presente Sito, se inserita da soggetti terzi, non deve recare danno all&#8217;immagine ed alle attivit\u00e0 dell<strong><strong>\u2019Istituto Comprensivo Statale \u201cJ. F. Kennedy\u201d di Cusano Mutri (BN)<\/strong><\/strong>.<\/p>\n\n\n\n<p>\u00c8 vietato il cd. deep linking ossia l&#8217;utilizzo non trasparente, su siti di soggetti terzi, di parti del Sito.<\/p>\n\n\n\n<p>L&#8217;eventuale inosservanza delle presenti disposizioni, salvo esplicita autorizzazione scritta, sar\u00e0 perseguita nelle competenti sedi giudiziarie civili e penali.<\/p>\n\n\n\n<p>I dati personali da Voi forniti in relazione all&#8217;uso del presente sito (di seguito il &#8220;Sito&#8221;) e dei relativi servizi (di seguito i &#8220;Servizi&#8221;) sono trattati in conformit\u00e0 al D.Lgs. n. 196\/2003 recante il &#8220;Codice in materia di protezione dei dati personali&#8221;. Ai sensi dell&#8217;articolo 13 della citata normativa, Vi comunichiamo le seguenti informazioni rispetto al trattamento dei Vostri dati personali.<\/p>\n\n\n\n<h3><strong>1. Finalit\u00e0 del trattamento<\/strong><\/h3>\n\n\n\n<p>I dati personali da Voi forniti potranno essere trattati unicamente per le seguenti finalit\u00e0:<\/p>\n\n\n\n<ul><li>finalit\u00e0 strettamente connesse e necessarie alla fruizione del Sito e dei Servizi richiesti<\/li><li>finalit\u00e0 funzionali allo svolgimento di ricerche, analisi economiche e statistiche, invio di materiale informativo e di aggiornamenti su iniziative e programmi dell<strong>\u2019<strong>Istituto Comprensivo Statale \u201cJ. F. Kennedy\u201d di Cusano Mutri (BN)<\/strong><\/strong>.<\/li><\/ul>\n\n\n\n<h3><strong>2. Modalit\u00e0 del trattamento<\/strong><\/h3>\n\n\n\n<p>Il trattamento dei dati personali consiste nella raccolta, registrazione, organizzazione, conservazione, elaborazione, modificazione, selezione, estrazione, raffronto, utilizzo, interconnessione, blocco, comunicazione, diffusione, cancellazione e distruzione dei medesimi dati, comprese la combinazione di due o pi\u00f9 delle suddette operazioni. Il trattamento dei dati personali \u00e8 effettuato per le finalit\u00e0 di cui sopra, in conformit\u00e0 a quanto stabilito dall&#8217;articolo 11 del D.Lgs. n. 196\/2003, sia su supporto cartaceo, informatico che telematico, per mezzo di strumenti elettronici o comunque automatizzati, nel rispetto delle regole di riservatezza e di sicurezza previste dalla normativa vigente. I dati saranno conservati per un periodo di tempo non superiore a quello necessario agli scopi per i quali essi sono stati raccolti o successivamente trattati conformemente a quanto previsto dagli obblighi di legge.<\/p>\n\n\n\n<h3><strong>3. Natura del conferimento dei dati personali e conseguenze di un eventuale rifiuto di rispondere<\/strong><\/h3>\n\n\n\n<p>Il conferimento dei dati personali \u00e8 facoltativo. L&#8217;eventuale rifiuto di conferirli pu\u00f2 comportare l&#8217;impossibilit\u00e0 di utilizzare il Sito e fruire dei relativi Servizi. L&#8217;invio facoltativo, esplicito e volontario di posta elettronica agli indirizzi indicati su questo Sito comporta la successiva acquisizione dell&#8217;indirizzo del mittente, necessario per rispondere alle richieste, nonch\u00e9 degli eventuali altri dati personali inseriti nella missiva.<\/p>\n\n\n\n<h3><strong>4. Comunicazione e diffusione dei dati<\/strong><\/h3>\n\n\n\n<p>I dati potranno essere comunicati, nel rispetto della normativa vigente, a societ\u00e0 esterne incaricate dell<strong><strong>\u2019Istituto Comprensivo Statale \u201cJ. F. Kennedy\u201d di Cusano Mutri (BN)<\/strong><\/strong>\u00a0di svolgere servizi di varia natura, quali a titolo esemplificativo, la manutenzione e l&#8217;assistenza del Sito e dei relativi Servizi. I dati personali non sono soggetti a diffusione.<\/p>\n\n\n\n<h3><strong>5. Diritti dell&#8217;interessato<\/strong><\/h3>\n\n\n\n<p>L&#8217;interessato ha diritto di ottenere la conferma dell&#8217;esistenza o meno di dati personali che lo riguardano, anche se non ancora registrati, e la loro comunicazione in forma intelligibile.<\/p>\n\n\n\n<p><em>L&#8217;interessato ha diritto di ottenere l&#8217;indicazione:<\/em><\/p>\n\n\n\n<ul><li>dell&#8217;origine dei dati personali<\/li><li>delle finalit\u00e0 e modalit\u00e0 del trattamento<\/li><li>della logica applicata in caso di trattamento effettuato con l&#8217;ausilio di strumenti elettronici<\/li><li>degli estremi identificativi del titolare, dei responsabili e del rappresentante designato ai sensi dell&#8217;articolo 5, comma 2<\/li><li>dei soggetti o delle categorie di soggetti ai quali i dati personali possono essere comunicati o che possono venirne a conoscenza in qualit\u00e0 di rappresentante designato nel territorio dello Stato, di responsabili o incaricati<\/li><\/ul>\n\n\n\n<p><em>L&#8217;interessato ha diritto di ottenere:<\/em><\/p>\n\n\n\n<ul><li>l&#8217;aggiornamento, la rettificazione ovvero, quando vi ha interesse, l&#8217;integrazione dei dati<\/li><li>la cancellazione, la trasformazione in forma anonima o il blocco dei dati trattati in violazione di legge, compresi quelli di cui non \u00e8 necessaria la conservazione in relazione agli scopi per i quali i dati sono stati raccolti o successivamente trattati<\/li><li>l&#8217;attestazione che le operazioni di cui alle lettere a) e b) sono state portate a conoscenza, anche per quanto riguarda il loro contenuto, di coloro ai quali i dati sono stati comunicati o diffusi, eccettuato il caso in cui tale adempimento si rivela impossibile o comporta un impiego di mezzi manifestamente sproporzionato rispetto al diritto tutelato<\/li><\/ul>\n\n\n\n<p><em>L&#8217;interessato ha diritto di opporsi, in tutto o in parte:<\/em><\/p>\n\n\n\n<ul><li>per motivi legittimi al trattamento dei dati personali che lo riguardano, ancorch\u00e9 pertinenti allo scopo della raccolta al trattamento di dati personali che lo riguardano a fini di invio di materiale pubblicitario o di vendita diretta o per il compimento di ricerche di mercato o di comunicazione commerciale<\/li><\/ul>\n\n\n\n<h3><strong>6. Titolari e responsabili del trattamento<\/strong><\/h3>\n\n\n\n<p>Titolare del trattamento dei dati \u00e8 l<strong><strong>\u2019Istituto Comprensivo Statale \u201cJ. F. Kennedy\u201d di Cusano Mutri (BN)<\/strong><\/strong>,\u00a0<strong>via Orticelli, 18 82033 &#8211; Cusano Muetri (BN)<\/strong>, al quale ci si potr\u00e0 rivolgere per esercitare i diritti di cui all&#8217;articolo 7 del D.Lgs. cit e\/o per conoscere l&#8217;elenco aggiornato di tutti i Responsabili del trattamento dei dati.<\/p>\n\n\n\n<h4><strong>OPEN SOURCE<\/strong><\/h4>\n\n\n\n<p>Il sito \u00e8 stato implementato attraverso l&#8217;utilizzo di Software Open Source \u201cWordpress\u201d gestore di contenuti (CMS) realizzato in PHP, che consente di realizzare una grande variet\u00e0 di siti Web basati sulla logica contenuto\/commenti.<\/p>\n","protected":false},"excerpt":{"rendered":"<p>TERMINI E CONDIZIONI 1. Disclaimer L&#8217;utente riconosce ed accetta che l&#8217;uso di questo sito \u00e8 a suo esclusivo rischio e pericolo. L&#8217;utente accetta che il sito e tutti i suoi contenuti, ivi compresi i servizi eventualmente offerti, sono forniti &#8220;cos\u00ec come sono&#8221; e &#8220;con tutti gli errori&#8221;. L\u2019Istituto Comprensivo Statale \u201cJ. F. Kennedy\u201d di Cusano [&hellip;]<\/p>\n","protected":false},"author":3,"featured_media":0,"parent":0,"menu_order":0,"comment_status":"closed","ping_status":"closed","template":"","meta":{"_et_pb_use_builder":"off","_et_pb_old_content":"","_et_gb_content_width":""},"_links":{"self":[{"href":"https:\/\/www.ickennedy.edu.it\/wp-json\/wp\/v2\/pages\/77"}],"collection":[{"href":"https:\/\/www.ickennedy.edu.it\/wp-json\/wp\/v2\/pages"}],"about":[{"href":"https:\/\/www.ickennedy.edu.it\/wp-json\/wp\/v2\/types\/page"}],"author":[{"embeddable":true,"href":"https:\/\/www.ickennedy.edu.it\/wp-json\/wp\/v2\/users\/3"}],"replies":[{"embeddable":true,"href":"https:\/\/www.ickennedy.edu.it\/wp-json\/wp\/v2\/comments?post=77"}],"version-history":[{"count":3,"href":"https:\/\/www.ickennedy.edu.it\/wp-json\/wp\/v2\/pages\/77\/revisions"}],"predecessor-version":[{"id":859,"href":"https:\/\/www.ickennedy.edu.it\/wp-json\/wp\/v2\/pages\/77\/revisions\/859"}],"wp:attachment":[{"href":"https:\/\/www.ickennedy.edu.it\/wp-json\/wp\/v2\/media?parent=77"}],"curies":[{"name":"wp","href":"https:\/\/api.w.org\/{rel}","templated":true}]}}